{"id":6,"date":"2011-07-05T06:13:20","date_gmt":"2011-07-05T06:13:20","guid":{"rendered":"http:\/\/demogator.hostgator.com\/wp\/?page_id=2"},"modified":"2022-06-18T20:15:01","modified_gmt":"2022-06-19T00:15:01","slug":"sobre-nosotros","status":"publish","type":"page","link":"https:\/\/loveoporaqui.com\/web1\/sobre-nosotros\/","title":{"rendered":"Sobre nosotros"},"content":{"rendered":"<p><a href=\"https:\/\/loveoporaqui.com\/web1\/wp-content\/uploads\/2011\/07\/lupa_borghetti.jpg\"><img fetchpriority=\"high\" decoding=\"async\" alt=\"lupa_borghetti\" class=\"alignleft size-medium wp-image-38520\" height=\"275\" src=\"https:\/\/loveoporaqui.com\/web1\/wp-content\/uploads\/2011\/07\/lupa_borghetti-300x275.jpg\" width=\"300\" srcset=\"https:\/\/loveoporaqui.com\/web1\/wp-content\/uploads\/2011\/07\/lupa_borghetti-300x275.jpg 300w, https:\/\/loveoporaqui.com\/web1\/wp-content\/uploads\/2011\/07\/lupa_borghetti.jpg 363w\" sizes=\"(max-width: 300px) 100vw, 300px\" \/><\/a><span style=\"font-size:16px;\"><strong>LOVEOPORAQUI.com<\/strong> provee al navegante en internet de habla hispana&nbsp; una plataforma multimedios para mantenerse informado y&nbsp; al tanto del acontecer diario en Puerto Rico e internacional, accediendo un solo portal cibern\u00e9tico, ya sea desde una computadora, tableta o celular.<\/span><\/p>\n<p><span style=\"font-size:16px;\">Encontrar\u00e1s programaci\u00f3n televisiva, noticias, chismes, espect\u00e1culos, encuestas, lo mas visto en tv, radio y m\u00e1s. Igualmente, te llevamos los sucesos en eventos y conciertos en tiempo real y entrevistas con tus artistas favoritos.&nbsp;<\/span><\/p>\n<p><span style=\"font-size:16px;\">Entre los servicios que ofrece <strong>Lo veo por aqu\u00ed.com<\/strong> se encuentran:<\/span><\/p>\n<ol>\n<li>\n\t\t<span style=\"font-size:16px;\">Consolidar la b\u00fasqueda&nbsp; en una sola p\u00e1gina, la nuestra, agrupando los portales cibern\u00e9ticos mas visitados por los puertorrique\u00f1os.<\/span><\/li>\n<li>\n\t\t<span style=\"font-size:16px;\">Proveer reportajes exclusivos de conciertos o eventos, primero que los medios de comunicaci\u00f3n tradicionales.<\/span><\/li>\n<\/ol>\n<p><span style=\"font-size:16px;\"><span class=\"userContent\" data-ft=\"{&quot;tn&quot;:&quot;K&quot;}\">No es novedad que hoy en d\u00eda una gran cantidad de personas utilizan las redes sociales, y esto hace que sean un lugar muy valioso para hacerse publicidad.<\/span><\/span><\/p>\n<p><span style=\"font-size:16px;\">La publicidad a trav\u00e9s de las redes sociales le permite, incrementar la visibilidad de su marca y competir con mayores ventajas entre las que se cuentan focalizaci\u00f3n del p\u00fablico, mayor alcance, la personalizaci\u00f3n y algo fundamental como lo es el di\u00e1logo o interacci\u00f3n con los usuarios.<\/span><\/p>\n<p><span style=\"font-size:16px;\">Nuestra web recibe aproximadamente entre 25,000 a 30,000 visitas semanales siendo una plataforma que est\u00e1 en constante movimiento e interacci\u00f3n.<\/span><\/p>\n<p><span style=\"font-size:16px;\">\u00bfQu\u00e9 esperas? Anunciate por aqu\u00ed.<\/span><\/p>\n<p><span style=\"font-size:16px;\"><strong>LOVEOPORAQUI.com <\/strong> quiere proveer una completa gu\u00eda de recursos con un plan adecuado de promoci\u00f3n<\/span><\/p>\n<p><span style=\"font-size:16px;\">para sus productos, y a la misma vez nos ayuda a continuar expandiendo nuestros servicios.<\/span><\/p>\n<p><span style=\"font-size:16px;\">Creamos planes de promoci\u00f3n para cada necesidad con opciones de banners y botones, enlazamos tu p\u00e1gina&nbsp;Web.<\/span><\/p>\n<p><span style=\"font-size:16px;\">a las ofertas&nbsp;que estes promocionando y mucho m\u00e1s. Si necesita un arte para su banner podemos crearlo&nbsp;para usted por un costo adicional.<\/span><\/p>\n<p><span style=\"font-size:16px;\">Nuestros precios son fijados por mes, no por impresi\u00f3n<\/span><\/p>\n<p><span style=\"font-size:16px;\">Para tarifas y oportunidades publicitarias escribe a:<\/span><\/p>\n<p><span style=\"font-size:16px;\"><strong>loveoporaqui@gmail.com<\/strong><\/span><\/p>\n<p>&nbsp;<\/p>\n","protected":false},"excerpt":{"rendered":"<p>LOVEOPORAQUI.com provee al navegante en internet de habla hispana&nbsp; una plataforma multimedios para mantenerse informado y&nbsp; al tanto del acontecer diario en Puerto Rico e internacional, accediendo un solo portal cibern\u00e9tico, ya sea desde una computadora, tableta o celular. Encontrar\u00e1s programaci\u00f3n televisiva, noticias, chismes, espect\u00e1culos, encuestas, lo mas visto en tv, radio y m\u00e1s. Igualmente, [&hellip;]<\/p>\n","protected":false},"author":1,"featured_media":0,"parent":0,"menu_order":0,"comment_status":"open","ping_status":"closed","template":"","meta":{"advanced_seo_description":"","jetpack_seo_html_title":"","jetpack_seo_noindex":false,"footnotes":""},"class_list":["post-6","page","type-page","status-publish","hentry"],"jetpack-related-posts":[],"jetpack_sharing_enabled":true,"jetpack_likes_enabled":true,"_links":{"self":[{"href":"https:\/\/loveoporaqui.com\/web1\/wp-json\/wp\/v2\/pages\/6","targetHints":{"allow":["GET"]}}],"collection":[{"href":"https:\/\/loveoporaqui.com\/web1\/wp-json\/wp\/v2\/pages"}],"about":[{"href":"https:\/\/loveoporaqui.com\/web1\/wp-json\/wp\/v2\/types\/page"}],"author":[{"embeddable":true,"href":"https:\/\/loveoporaqui.com\/web1\/wp-json\/wp\/v2\/users\/1"}],"replies":[{"embeddable":true,"href":"https:\/\/loveoporaqui.com\/web1\/wp-json\/wp\/v2\/comments?post=6"}],"version-history":[{"count":5,"href":"https:\/\/loveoporaqui.com\/web1\/wp-json\/wp\/v2\/pages\/6\/revisions"}],"predecessor-version":[{"id":47946,"href":"https:\/\/loveoporaqui.com\/web1\/wp-json\/wp\/v2\/pages\/6\/revisions\/47946"}],"wp:attachment":[{"href":"https:\/\/loveoporaqui.com\/web1\/wp-json\/wp\/v2\/media?parent=6"}],"curies":[{"name":"wp","href":"https:\/\/api.w.org\/{rel}","templated":true}]}}